{"id":83,"date":"2014-09-15T09:33:18","date_gmt":"2014-09-15T07:33:18","guid":{"rendered":"http:\/\/alingsasparkenskulturforening.com\/?page_id=83"},"modified":"2026-04-04T11:55:32","modified_gmt":"2026-04-04T09:55:32","slug":"medlemscirkular","status":"publish","type":"page","link":"https:\/\/alingsasparkenskulturforening.com\/?page_id=83","title":{"rendered":"Medlemscirkul\u00e4r"},"content":{"rendered":"<div id=\"toolbar-26adcb33-2cce-49b3-a182-c47e13c939e1\" class=\"block-library-classic__toolbar has-advanced-toolbar\" data-placeholder=\"Klassisk\">\n<div id=\"mceu_51\" class=\"mce-tinymce mce-tinymce-inline mce-container mce-panel\" tabindex=\"-1\" role=\"application\">\n<div id=\"mceu_51-body\" class=\"mce-container-body mce-abs-layout\">\n<div id=\"mceu_52\" class=\"mce-toolbar-grp mce-container mce-panel mce-abs-layout-item mce-first mce-last\" tabindex=\"-1\" role=\"button\" aria-haspopup=\"true\">\n<div id=\"mceu_52-body\" class=\"mce-container-body mce-stack-layout\">\n<div id=\"mceu_53\" class=\"mce-container mce-toolbar mce-stack-layout-item mce-first\" role=\"button\" aria-label=\"Fet (Ctrl+B)\">\n<div id=\"mceu_53-body\" class=\"mce-container-body mce-flow-layout\">\n<div id=\"mceu_54\" class=\"mce-container mce-flow-layout-item mce-first mce-last mce-btn-group\" role=\"button\" aria-label=\"Kursiv (Ctrl+I)\">\n<div id=\"mceu_54-body\">\n<div id=\"mceu_26\" class=\"mce-widget mce-btn mce-menubtn mce-fixed-width mce-listbox mce-first mce-btn-has-text\" tabindex=\"-1\" role=\"button\" aria-labelledby=\"mceu_26\" aria-haspopup=\"true\"><button id=\"mceu_26-open\" tabindex=\"-1\" role=\"presentation\" type=\"button\"><span class=\"mce-txt\">Rubrik 6<\/span><\/button><\/div>\n<\/div>\n<\/div>\n<\/div>\n<\/div>\n<\/div>\n<\/div>\n<\/div>\n<\/div>\n<\/div>\n<h6><a href=\"http:\/\/alingsasparkenskulturforening.com\/wp-content\/uploads\/2026\/04\/Medlemscirkular-3-2026.pdf\">Medlemscirkul\u00e4r 3 &#8211; 2026<\/a><br \/>\n<a href=\"http:\/\/alingsasparkenskulturforening.com\/wp-content\/uploads\/2026\/03\/Medlemscirkular-2-2026.pdf\">Medlemscirkul\u00e4r 2\u00a0&#8211; 2026<\/a><br \/>\n<a href=\"http:\/\/alingsasparkenskulturforening.com\/wp-content\/uploads\/2026\/02\/Medlemscirkular-1-2026.pdf\">Medlemscirkul\u00e4r 1 &#8211; 2026<\/a><br \/>\n<a href=\"http:\/\/alingsasparkenskulturforening.com\/wp-content\/uploads\/2025\/08\/Medlemscirkular-5-2025.pdf\">Medlemscirkul\u00e4r 5\u00a0&#8211; 2025<\/a><br \/>\n<a href=\"http:\/\/alingsasparkenskulturforening.com\/wp-content\/uploads\/2025\/05\/Medlemscirkular-4-2025.pdf\">Medlemscirkul\u00e4r 4\u00a0&#8211; 2025<\/a><br \/>\n<a href=\"http:\/\/alingsasparkenskulturforening.com\/wp-content\/uploads\/2025\/04\/Medlemscirkular-3-2025.pdf\">Medlemscirkul\u00e4r 3\u00a0&#8211; 2025<\/a><br \/>\n<a href=\"http:\/\/alingsasparkenskulturforening.com\/wp-content\/uploads\/2025\/03\/Medlemscirkular-2-2025.pdf\">Medlemscirkul\u00e4r 2 &#8211; 2025<\/a><br \/>\n<a href=\"http:\/\/alingsasparkenskulturforening.com\/wp-content\/uploads\/2025\/02\/Medlemscirkular-1-2025.pdf\" target=\"_blank\" rel=\"noopener\">Medlemscirkul\u00e4r 1 &#8211; 2025<\/a><br \/>\n<a href=\"http:\/\/alingsasparkenskulturforening.com\/wp-content\/uploads\/2024\/05\/Medlemscirkular-4-2024.pdf\" target=\"_blank\" rel=\"noopener\">Medlemscirkul\u00e4r 4 &#8211; 2024<\/a><br \/>\n<a href=\"http:\/\/alingsasparkenskulturforening.com\/wp-content\/uploads\/2024\/04\/Medlemscirkular-3-2024.pdf\">Medlemscirkul\u00e4r 3 &#8211; 2024<\/a><br \/>\n<a href=\"http:\/\/alingsasparkenskulturforening.com\/wp-content\/uploads\/2024\/03\/Medlemscirkular-2-2024.pdf\">Medlemscirkul\u00e4r 2 &#8211; 2024<\/a><br \/>\n<a href=\"http:\/\/alingsasparkenskulturforening.com\/wp-content\/uploads\/2024\/02\/Medlemscirkular-1-2024.pdf\" target=\"_blank\" rel=\"noopener\">Medlemscirkul\u00e4r 1 &#8211; 2024<\/a><br \/>\n<a href=\"http:\/\/alingsasparkenskulturforening.com\/wp-content\/uploads\/2023\/10\/Medlemscirkular-7-2023.pdf\" target=\"_blank\" rel=\"noopener\">Medlemscirkul\u00e4r 7 &#8211; 2023<\/a><br \/>\n<a href=\"http:\/\/alingsasparkenskulturforening.com\/wp-content\/uploads\/2023\/08\/Medlemscirkular-6-2023.pdf\" target=\"_blank\" rel=\"noopener\">Medlemscirkul\u00e4r 6 &#8211; 2023<\/a><br \/>\n<a href=\"http:\/\/alingsasparkenskulturforening.com\/wp-content\/uploads\/2023\/06\/Medlemscirkular-5-2023.pdf\" target=\"_blank\" rel=\"noopener\">Medlemscirkul\u00e4r 5 &#8211; 2023<\/a><br \/>\n<a href=\"http:\/\/alingsasparkenskulturforening.com\/wp-content\/uploads\/2023\/03\/Medlemscirkular-4-2023.pdf\" target=\"_blank\" rel=\"noopener\">Medlemscirkul\u00e4r 4 &#8211; 2023<\/a><br \/>\n<a href=\"http:\/\/alingsasparkenskulturforening.com\/wp-content\/uploads\/2023\/02\/Medlemscirkular-3-2023.pdf\" rel=\"noopener\">Medlemscirkul\u00e4r 3 &#8211; 2023<\/a><br \/>\n<a href=\"http:\/\/alingsasparkenskulturforening.com\/wp-content\/uploads\/2023\/01\/Medlemscirkular-2-2023.pdf\">Medlemscirkul\u00e4r 2 &#8211; 2023<\/a><br \/>\n<a href=\"http:\/\/alingsasparkenskulturforening.com\/wp-content\/uploads\/2023\/01\/Medlemscirkular-1-2023.pdf\">Medlemscirkul\u00e4r 1 &#8211; 2023<\/a><br \/>\n<a href=\"http:\/\/alingsasparkenskulturforening.com\/wp-content\/uploads\/2023\/03\/Medlemscirkular-6-2022.pdf\">Medlemscirkul\u00e4r 6 &#8211; 2022<\/a><br \/>\n<a href=\"http:\/\/alingsasparkenskulturforening.com\/wp-content\/uploads\/2022\/08\/Medlemscirkular-5-2022.pdf\">Medlemscirkul\u00e4r 5 &#8211; 2022<\/a><br \/>\n<a href=\"http:\/\/alingsasparkenskulturforening.com\/wp-content\/uploads\/2022\/07\/Medlemscirkular-4-2022.pdf\">Medlemscirkul\u00e4r 4 &#8211; 2022<\/a><br \/>\n<a href=\"http:\/\/alingsasparkenskulturforening.com\/wp-content\/uploads\/2022\/05\/Medlemscirkular-3-2022.pdf\" target=\"_blank\" rel=\"noopener\">Medlemscirkul\u00e4r 3 &#8211; 2022<\/a><br \/>\n<a href=\"http:\/\/alingsasparkenskulturforening.com\/wp-content\/uploads\/2022\/04\/Medlemscirkular-2-2022.pdf\" target=\"_blank\" rel=\"noopener\">Medlemscirkul\u00e4r 2 &#8211; 2022<\/a><br \/>\n<a href=\"http:\/\/alingsasparkenskulturforening.com\/wp-content\/uploads\/2022\/02\/Medlemscirkular-1-2022.pdf\" target=\"_blank\" rel=\"noopener noreferrer\">Medlemscirkul\u00e4r 1 &#8211; 2022<\/a><br \/>\n<a href=\"http:\/\/alingsasparkenskulturforening.com\/wp-content\/uploads\/2021\/08\/Medlemscirkular-6-2021.pdf\" target=\"_blank\" rel=\"noopener noreferrer\">Medlemscirkul\u00e4r 6 &#8211; 2021<\/a><br \/>\n<a href=\"http:\/\/alingsasparkenskulturforening.com\/wp-content\/uploads\/2021\/07\/Medlemscirkular-5-2021.pdf\" target=\"_blank\" rel=\"noopener noreferrer\">Medlemscirkul\u00e4r 5 &#8211; 2021<\/a><br \/>\n<span style=\"color: #000000;\"><a href=\"http:\/\/alingsasparkenskulturforening.com\/wp-content\/uploads\/2021\/05\/Medlemscirkular-4-2021.pdf\" target=\"_blank\" rel=\"noopener noreferrer\">Medlemscirkul\u00e4r 4 &#8211; 2021<\/a><br \/>\n<\/span><span style=\"color: #000000;\"><a href=\"http:\/\/alingsasparkenskulturforening.com\/wp-content\/uploads\/2021\/05\/Medlemscirkular-3-2021.pdf\" target=\"_blank\" rel=\"noopener noreferrer\">Medlemscirkul\u00e4r 3 &#8211; 2021<\/a><br \/>\n<\/span><span style=\"color: #000000;\"><a href=\"http:\/\/alingsasparkenskulturforening.com\/wp-content\/uploads\/2021\/04\/Medlemscirkular-2-2021.pdf\" target=\"_blank\" rel=\"noopener noreferrer\">Medlemscirkul\u00e4r 2 &#8211; 2021<\/a><br \/>\n<\/span><span style=\"color: #000000;\"><a href=\"http:\/\/alingsasparkenskulturforening.com\/wp-content\/uploads\/2021\/01\/Medlemscirkular-1-2021.pdf\" target=\"_blank\" rel=\"noopener noreferrer\">Medlemscirkul\u00e4r 1 &#8211; 2021<\/a><br \/>\n<\/span><span style=\"color: #000000;\"><a href=\"http:\/\/alingsasparkenskulturforening.com\/wp-content\/uploads\/2021\/01\/Medlemscirkular-7-2020.pdf\" target=\"_blank\" rel=\"noopener noreferrer\">Medlemscirkul\u00e4r 7 &#8211; 2020<\/a><br \/>\n<\/span><span style=\"color: #000000;\"><a href=\"http:\/\/alingsasparkenskulturforening.com\/wp-content\/uploads\/2020\/11\/Medlemscirkul\u00e4r-6-2020.pdf\" target=\"_blank\" rel=\"noopener noreferrer\">Medlemscirkul\u00e4r 6 &#8211; 2020<\/a><br \/>\n<\/span><span style=\"color: #000000;\"><a href=\"http:\/\/alingsasparkenskulturforening.com\/wp-content\/uploads\/2020\/08\/Medlemscirkul\u00e4r-5-2020.pdf\" target=\"_blank\" rel=\"noopener noreferrer\">Medlemscirkul\u00e4r 5 &#8211; 2020<\/a><br \/>\n<\/span><span style=\"color: #000000;\"><a href=\"http:\/\/alingsasparkenskulturforening.com\/wp-content\/uploads\/2020\/05\/Medlemscirkul\u00e4r-4-2020.pdf\" target=\"_blank\" rel=\"noopener noreferrer\">Medlemscirkul\u00e4r 4 &#8211; 2020<\/a><br \/>\n<\/span><span style=\"color: #000000;\"><a href=\"http:\/\/alingsasparkenskulturforening.com\/wp-content\/uploads\/2020\/03\/Medlemscirkul\u00e4r-3-2020.pdf\" target=\"_blank\" rel=\"noopener noreferrer\">Medlemscirkul\u00e4r 3 &#8211; 2020<\/a><br \/>\n<\/span><span style=\"color: #000000;\"><a href=\"http:\/\/alingsasparkenskulturforening.com\/wp-content\/uploads\/2020\/02\/Kallelse-1-\u00e5rsm\u00f6te-2020.pdf\" target=\"_blank\" rel=\"noopener noreferrer\">Medlemscirkul\u00e4r 2 &#8211; 2020<\/a><br \/>\n<\/span><span style=\"color: #000000;\"><a href=\"http:\/\/alingsasparkenskulturforening.com\/wp-content\/uploads\/2020\/01\/Medlemscirkul\u00e4r-1-2020.pdf\" target=\"_blank\" rel=\"noopener noreferrer\">Medlemscirkul\u00e4r 1 &#8211; 2020<\/a><br \/>\n<\/span><span style=\"color: #000000;\"><a href=\"http:\/\/alingsasparkenskulturforening.com\/wp-content\/uploads\/2019\/01\/Medlemscirkul\u00e4r-1-2019.pdf\" target=\"_blank\" rel=\"noopener noreferrer\">Medlemscirkul\u00e4r 1 &#8211; 2019<\/a><br \/>\n<\/span><a href=\"http:\/\/alingsasparkenskulturforening.com\/wp-content\/uploads\/2019\/03\/Medlemscirkul\u00e4r-2-2019.pdf\" target=\"_blank\" rel=\"noopener noreferrer\">Medlemscirkul\u00e4r 2 &#8211; 2019<\/a><br \/>\n<a href=\"http:\/\/alingsasparkenskulturforening.com\/wp-content\/uploads\/2019\/03\/Medlemscirkul\u00e4r-3-2019.pdf\" target=\"_blank\" rel=\"noopener noreferrer\">Medlemscirkul\u00e4r 3 &#8211; 2019<\/a><br \/>\n<a href=\"http:\/\/alingsasparkenskulturforening.com\/wp-content\/uploads\/2019\/04\/Medlemscirkul\u00e4r-4-2019.pdf\" target=\"_blank\" rel=\"noopener noreferrer\">Medlemscirkul\u00e4r 4 &#8211; 2019<\/a><\/h6>\n","protected":false},"excerpt":{"rendered":"<p>Rubrik 6 Medlemscirkul\u00e4r 3 &#8211; 2026 Medlemscirkul\u00e4r 2\u00a0&#8211; 2026 Medlemscirkul\u00e4r 1 &#8211; 2026 Medlemscirkul\u00e4r 5\u00a0&#8211; 2025 Medlemscirkul\u00e4r 4\u00a0&#8211; 2025 Medlemscirkul\u00e4r 3\u00a0&#8211; 2025 Medlemscirkul\u00e4r 2 &#8211; 2025 Medlemscirkul\u00e4r 1 &#8211; 2025 Medlemscirkul\u00e4r 4 &#8211; 2024 Medlemscirkul\u00e4r 3 &#8211; 2024 Medlemscirkul\u00e4r 2 &#8211; 2024 Medlemscirkul\u00e4r 1 &#8211; 2024 Medlemscirkul\u00e4r 7 &#8211; 2023 Medlemscirkul\u00e4r 6 &#8211; 2023 Medlemscirkul\u00e4r [&hellip;]<\/p>\n","protected":false},"author":1,"featured_media":0,"parent":60,"menu_order":0,"comment_status":"closed","ping_status":"open","template":"","meta":{"footnotes":""},"class_list":["post-83","page","type-page","status-publish","hentry"],"_links":{"self":[{"href":"https:\/\/alingsasparkenskulturforening.com\/index.php?rest_route=\/wp\/v2\/pages\/83","targetHints":{"allow":["GET"]}}],"collection":[{"href":"https:\/\/alingsasparkenskulturforening.com\/index.php?rest_route=\/wp\/v2\/pages"}],"about":[{"href":"https:\/\/alingsasparkenskulturforening.com\/index.php?rest_route=\/wp\/v2\/types\/page"}],"author":[{"embeddable":true,"href":"https:\/\/alingsasparkenskulturforening.com\/index.php?rest_route=\/wp\/v2\/users\/1"}],"replies":[{"embeddable":true,"href":"https:\/\/alingsasparkenskulturforening.com\/index.php?rest_route=%2Fwp%2Fv2%2Fcomments&post=83"}],"version-history":[{"count":114,"href":"https:\/\/alingsasparkenskulturforening.com\/index.php?rest_route=\/wp\/v2\/pages\/83\/revisions"}],"predecessor-version":[{"id":1270,"href":"https:\/\/alingsasparkenskulturforening.com\/index.php?rest_route=\/wp\/v2\/pages\/83\/revisions\/1270"}],"up":[{"embeddable":true,"href":"https:\/\/alingsasparkenskulturforening.com\/index.php?rest_route=\/wp\/v2\/pages\/60"}],"wp:attachment":[{"href":"https:\/\/alingsasparkenskulturforening.com\/index.php?rest_route=%2Fwp%2Fv2%2Fmedia&parent=83"}],"curies":[{"name":"wp","href":"https:\/\/api.w.org\/{rel}","templated":true}]}}