{"id":6,"date":"2013-12-05T18:33:22","date_gmt":"2013-12-05T17:33:22","guid":{"rendered":"http:\/\/alingsasparkenskulturforening.com\/?page_id=6"},"modified":"2026-04-04T11:57:33","modified_gmt":"2026-04-04T09:57:33","slug":"start","status":"publish","type":"page","link":"https:\/\/alingsasparkenskulturforening.com\/","title":{"rendered":"Hem"},"content":{"rendered":"<p><img loading=\"lazy\" decoding=\"async\" class=\"aligncenter wp-image-297 size-large\" src=\"http:\/\/alingsasparkenskulturforening.com\/wp-content\/uploads\/2018\/04\/20180406_121837_1-1024x462.jpg\" alt=\"\" width=\"604\" height=\"273\" srcset=\"https:\/\/alingsasparkenskulturforening.com\/wp-content\/uploads\/2018\/04\/20180406_121837_1-1024x462.jpg 1024w, https:\/\/alingsasparkenskulturforening.com\/wp-content\/uploads\/2018\/04\/20180406_121837_1-300x135.jpg 300w, https:\/\/alingsasparkenskulturforening.com\/wp-content\/uploads\/2018\/04\/20180406_121837_1-768x346.jpg 768w\" sizes=\"auto, (max-width: 604px) 100vw, 604px\" \/>F\u00f6reningen v\u00e4rnar om Alings\u00e5sparkens bevarande och underh\u00e5ll och arbetar f\u00f6r att Parken \u00e5terigen skall bli ett nav f\u00f6r kulturella aktiviteter av alla slag. Detta skall vi uppn\u00e5 genom att initiera, st\u00f6dja och arrangera kulturella evenemang i Alings\u00e5sparken<\/p>\n<h4>Hej alla medlemmar och Gott Nytt \u00c5r 2026<\/h4>\n<div class=\"gmail_default\">Arbetena med att omdana parken har nu har kommit ig\u00e5ng s\u00e5 d\u00e4r r\u00e5der full aktivitet. Det \u00e4r mycket gl\u00e4djande att kommunen satsar p\u00e5 parken. Fr\u00e5n det att det fanns ett rivningsbeslut till dagens storsatsning p\u00e5 parken s\u00e5 har det kr\u00e4vts ett envetet arbete fr\u00e5n f\u00f6reningens sida och det \u00e4r tack vare att vi kunnat visa ett stort medlemsantal som v\u00e4rnar om parkens bevarande, underh\u00e5ll och utveckling som vi har f\u00e5tt geh\u00f6r hos stadens politiker. Styrelsen vill d\u00e4rf\u00f6r rikta ett tack till alla som genom sitt medlemskap visat att parken \u00e4r viktig f\u00f6r Alings\u00e5s inv\u00e5nare. Vi \u00e4r ocks\u00e5 glada \u00f6ver att de nya arrendatorerna av parken, Moa och Calle Skogl\u00f6f, satsar stort med m\u00e5nga olika evenemang i parken under den kommande s\u00e4songen. Prenumerera g\u00e4rna p\u00e5 deras nyhetsbrev s\u00e5 ni inte missar n\u00e5got av arrangemangen. <span style=\"color: #3366ff;\"><span style=\"color: #3366ff;\"><strong><a style=\"color: #3366ff;\" href=\"https:\/\/www.xn--alingssparken-ufb.se\/\" target=\"_blank\" rel=\"noopener\" data-saferedirecturl=\"https:\/\/www.google.com\/url?q=https:\/\/www.xn--alingssparken-ufb.se\/&amp;source=gmail&amp;ust=1773663543956000&amp;usg=AOvVaw0XmLN0OOhjNLQp6psIWKXh\">https:\/\/www.xn-<wbr \/>-alingssparken-ufb.se\/<\/a><\/strong><\/span><\/span>&nbsp;<\/p>\n<p><strong><span style=\"color: #000000;\">Vi b\u00f6rjar med \u00c5rsm\u00f6te 16 april<\/span><br \/>\n<\/strong><span style=\"color: #000000;\">L\u00e4s mer i<\/span> <strong><span style=\"color: #3366ff;\"><a style=\"color: #3366ff;\" href=\"http:\/\/alingsasparkenskulturforening.com\/wp-content\/uploads\/2026\/04\/Medlemscirkular-3-2026.pdf\">Medlemscirkul\u00e4r 3-2026<\/a><\/span><\/strong><br \/>\n<span style=\"color: #000000;\"><strong>Den 17 maj \u00e4r det premi\u00e4r f\u00f6r Dans i Parken<\/strong><\/span><br \/>\n<strong><span style=\"color: #000000;\">Vill du se hela evenemangskalendern s\u00e5 finns den p\u00e5<\/span>\u00a0 <span style=\"color: #0000ff;\"><span style=\"color: #3366ff;\"><a style=\"color: #3366ff;\" href=\"https:\/\/www.xn--alingssparken-ufb.se\/\">www.alings\u00e5sparken.se<\/a><\/span><br \/>\n<\/span><span style=\"color: #000000;\">Alls\u00e5ngskv\u00e4ll 21 maj kl 18<br \/>\nAlls\u00e5ngskv\u00e4ll 11 juni kl 18<\/span><\/strong><br \/>\n<span style=\"color: #000000;\"><strong>British Motor Meet. 13 juni<\/strong><\/span><br \/>\n<span style=\"color: #000000;\"><strong>Midsommarfirandet 19 juni V\u00e4lkomna till traditionellt midsommarfirande i v\u00e5r vackra folkpark.<\/strong><\/span><br \/>\n<span style=\"color: #000000;\"><strong>Alls\u00e5ngskv\u00e4ll 13 augusti kl 18<\/strong><\/span><br \/>\n<strong><span style=\"color: #3366ff;\"><a style=\"color: #3366ff;\" href=\"http:\/\/alingsasparkenskulturforening.com\/?page_id=244\">L\u00e4s mer om Programmet h\u00e4r<\/a><\/span><\/strong><\/div>\n<h6><span style=\"color: #3366ff;\"><a style=\"color: #3366ff;\" href=\"https:\/\/alingsasparkenskulturforening.com\/?page_id=83\">L\u00e4s<\/a><a style=\"color: #3366ff;\" href=\"https:\/\/alingsasparkenskulturforening.com\/?page_id=83\"> <span style=\"color: #3366ff;\">Medlemscirkul\u00e4r<\/span><\/a><a style=\"color: #3366ff;\" href=\"https:\/\/alingsasparkenskulturforening.com\/?page_id=83\"> f\u00f6r 2026<\/a><\/span><\/h6>\n<p><strong style=\"font-size: 1rem;\">V\u00e4lkomna till Alings\u00e5sparken!<\/strong><\/p>\n<p>Alings\u00e5sparkens Kulturf\u00f6rening.<\/p>\n","protected":false},"excerpt":{"rendered":"<p>F\u00f6reningen v\u00e4rnar om Alings\u00e5sparkens bevarande och underh\u00e5ll och arbetar f\u00f6r att Parken \u00e5terigen skall bli ett nav f\u00f6r kulturella aktiviteter av alla slag. Detta skall vi uppn\u00e5 genom att initiera, st\u00f6dja och arrangera kulturella evenemang i Alings\u00e5sparken Hej alla medlemmar och Gott Nytt \u00c5r 2026 Arbetena med att omdana parken har nu har kommit ig\u00e5ng [&hellip;]<\/p>\n","protected":false},"author":1,"featured_media":0,"parent":0,"menu_order":5,"comment_status":"closed","ping_status":"closed","template":"","meta":{"footnotes":""},"class_list":["post-6","page","type-page","status-publish","hentry"],"_links":{"self":[{"href":"https:\/\/alingsasparkenskulturforening.com\/index.php?rest_route=\/wp\/v2\/pages\/6","targetHints":{"allow":["GET"]}}],"collection":[{"href":"https:\/\/alingsasparkenskulturforening.com\/index.php?rest_route=\/wp\/v2\/pages"}],"about":[{"href":"https:\/\/alingsasparkenskulturforening.com\/index.php?rest_route=\/wp\/v2\/types\/page"}],"author":[{"embeddable":true,"href":"https:\/\/alingsasparkenskulturforening.com\/index.php?rest_route=\/wp\/v2\/users\/1"}],"replies":[{"embeddable":true,"href":"https:\/\/alingsasparkenskulturforening.com\/index.php?rest_route=%2Fwp%2Fv2%2Fcomments&post=6"}],"version-history":[{"count":226,"href":"https:\/\/alingsasparkenskulturforening.com\/index.php?rest_route=\/wp\/v2\/pages\/6\/revisions"}],"predecessor-version":[{"id":1271,"href":"https:\/\/alingsasparkenskulturforening.com\/index.php?rest_route=\/wp\/v2\/pages\/6\/revisions\/1271"}],"wp:attachment":[{"href":"https:\/\/alingsasparkenskulturforening.com\/index.php?rest_route=%2Fwp%2Fv2%2Fmedia&parent=6"}],"curies":[{"name":"wp","href":"https:\/\/api.w.org\/{rel}","templated":true}]}}