{"id":244,"date":"2018-04-05T22:36:13","date_gmt":"2018-04-05T20:36:13","guid":{"rendered":"http:\/\/alingsasparkenskulturforening.com\/?page_id=244"},"modified":"2026-03-15T14:14:47","modified_gmt":"2026-03-15T13:14:47","slug":"program","status":"publish","type":"page","link":"https:\/\/alingsasparkenskulturforening.com\/?page_id=244","title":{"rendered":"Program"},"content":{"rendered":"<p><strong>Program f\u00f6r 2026<\/strong><\/p>\n<div class=\"gmail_default\"><strong><strong>Vi b\u00f6rjar med \u00c5rsm\u00f6te 16 april kl 18 p\u00e5 Stures restaurang<br \/><\/strong><\/strong>L\u00e4s mer i<strong><strong> <span style=\"color: #3366ff;\"><a style=\"color: #3366ff;\" href=\"http:\/\/alingsasparkenskulturforening.com\/wp-content\/uploads\/2026\/03\/Medlemscirkular-2-2026.pdf\">Medlemscirkul\u00e4r 2-2026<\/a><\/span><\/strong><\/strong>\n<p><span style=\"font-size: 1rem;\"><br \/>21 maj: <\/span><strong style=\"font-size: 1rem;\">Alls\u00e5ngskv\u00e4ll<\/strong><span style=\"font-size: 1rem;\"> i Parken kl. 18.00. Alls\u00e5ngsledare meddelas senare.<br \/><\/span><span style=\"font-size: 1rem;\">Servering. Chokladhjulet snurrar. Fri entr\u00e9.<br \/><\/span><span style=\"font-size: 1rem;\">11 juni: <\/span><strong style=\"font-size: 1rem;\">Alls\u00e5ngskv\u00e4ll<\/strong><span style=\"font-size: 1rem;\"> i Parken kl. 18.00. Alls\u00e5ngsledare meddelas senare.<br \/><\/span><span style=\"font-size: 1rem;\">Servering. Chokladhjulet snurrar. Fri entr\u00e9.<br \/><\/span><span style=\"font-size: 1rem;\">13 juni: <\/span><strong style=\"font-size: 1rem;\">British Motor Meet.<\/strong><span style=\"font-size: 1rem;\"> Parken fylls av brittiskbyggda bilar, b\u00e5de veteraner och <\/span><span style=\"font-size: 1rem;\">nyare. Kom och r\u00f6sta fram &#8221;The nicest car in the show\u201d. Priser att vinna! Bilparad <\/span><span style=\"font-size: 1rem;\">genom Alings\u00e5s kl. 10.30. Officiellt program inom Potatisfestivalen. <\/span><span style=\"font-size: 1rem;\">Servering. Chokladhjulet snurrar. Fri entr\u00e9.<br \/><\/span><span style=\"font-size: 1rem;\">19 juni: <\/span><strong style=\"font-size: 1rem;\">Traditionellt midsommarfirande<\/strong><span style=\"font-size: 1rem;\"> i parken med start kl. 12.00. Ringlekar och <\/span><span style=\"font-size: 1rem;\">folkdansuppvisning. Chokladhjulet snurrar plus m\u00e5nga barnaktiviteter.<br \/><\/span><span style=\"font-size: 1rem;\">Ett samarrangemang med Alings\u00e5sparken AB. Servering och fri entr\u00e9.<br \/><\/span><span style=\"font-size: 1rem;\">13 augusti: <\/span><strong style=\"font-size: 1rem;\">Alls\u00e5ngskv\u00e4ll<\/strong><span style=\"font-size: 1rem;\"> i Parken kl. 18.00. Alls\u00e5ngsledare meddelas senare. <br \/><\/span><span style=\"font-size: 1rem;\">Servering. Chokladhjulet snurrar. Fri entr\u00e9.<\/span><\/p>\n<\/div>\n<div class=\"gmail_default\">\n<p>Alings\u00e5sparken \u00e4r en perfekt plats f\u00f6r dig som vill njuta av en god fika, mat och dryck, dansa bugg och fox\u00a0 eller delta i n\u00e5got av de olika evenemangen som arrangeras. Under sommaren 2026 kommer vi erbjuda livemusik under sommarkv\u00e4llarna samt bugg till tonerna av de popul\u00e4raste dansbanden.<br \/>Den 17 maj startar <strong>DANS I PARKEN<\/strong><br \/>Vill du se hela evenemangskalendern s\u00e5 finns den p\u00e5\u00a0 <span style=\"color: #0000ff;\"><a style=\"color: #0000ff;\" href=\"https:\/\/www.xn--alingssparken-ufb.se\/\">www.alings\u00e5sparken.se<\/a><\/span><\/p>\n<\/div>\n\n\n<p><\/p>\n\n\n\n<p><\/p>\n","protected":false},"excerpt":{"rendered":"<p>Program f\u00f6r 2026 Vi b\u00f6rjar med \u00c5rsm\u00f6te 16 april kl 18 p\u00e5 Stures restaurangL\u00e4s mer i Medlemscirkul\u00e4r 2-2026 21 maj: Alls\u00e5ngskv\u00e4ll i Parken kl. 18.00. Alls\u00e5ngsledare meddelas senare.Servering. Chokladhjulet snurrar. Fri entr\u00e9.11 juni: Alls\u00e5ngskv\u00e4ll i Parken kl. 18.00. Alls\u00e5ngsledare meddelas senare.Servering. Chokladhjulet snurrar. Fri entr\u00e9.13 juni: British Motor Meet. Parken fylls av brittiskbyggda bilar, b\u00e5de [&hellip;]<\/p>\n","protected":false},"author":1,"featured_media":0,"parent":0,"menu_order":0,"comment_status":"closed","ping_status":"closed","template":"","meta":{"footnotes":""},"class_list":["post-244","page","type-page","status-publish","hentry"],"_links":{"self":[{"href":"https:\/\/alingsasparkenskulturforening.com\/index.php?rest_route=\/wp\/v2\/pages\/244","targetHints":{"allow":["GET"]}}],"collection":[{"href":"https:\/\/alingsasparkenskulturforening.com\/index.php?rest_route=\/wp\/v2\/pages"}],"about":[{"href":"https:\/\/alingsasparkenskulturforening.com\/index.php?rest_route=\/wp\/v2\/types\/page"}],"author":[{"embeddable":true,"href":"https:\/\/alingsasparkenskulturforening.com\/index.php?rest_route=\/wp\/v2\/users\/1"}],"replies":[{"embeddable":true,"href":"https:\/\/alingsasparkenskulturforening.com\/index.php?rest_route=%2Fwp%2Fv2%2Fcomments&post=244"}],"version-history":[{"count":143,"href":"https:\/\/alingsasparkenskulturforening.com\/index.php?rest_route=\/wp\/v2\/pages\/244\/revisions"}],"predecessor-version":[{"id":1263,"href":"https:\/\/alingsasparkenskulturforening.com\/index.php?rest_route=\/wp\/v2\/pages\/244\/revisions\/1263"}],"wp:attachment":[{"href":"https:\/\/alingsasparkenskulturforening.com\/index.php?rest_route=%2Fwp%2Fv2%2Fmedia&parent=244"}],"curies":[{"name":"wp","href":"https:\/\/api.w.org\/{rel}","templated":true}]}}