{"id":228,"date":"2018-04-05T21:32:54","date_gmt":"2018-04-05T19:32:54","guid":{"rendered":"http:\/\/alingsasparkenskulturforening.com\/?page_id=228"},"modified":"2025-08-14T18:21:45","modified_gmt":"2025-08-14T16:21:45","slug":"kontakter","status":"publish","type":"page","link":"https:\/\/alingsasparkenskulturforening.com\/?page_id=228","title":{"rendered":"Kontakter"},"content":{"rendered":"<p><strong>Kontakter from. \u00c5rsm\u00f6tet 2024<\/strong><\/p>\n<p><strong>Styrelsen<\/strong><br \/>Ordf\u00f6rande\u00a0 \u00a0 \u00a0 \u00a0 \u00a0 \u00a0 \u00a0 \u00a0 \u00a0 \u00a0 B\u00f6rje Andersson\u00a0 \u00a0 \u00a0 \u00a0 \u00a0 \u00a0Alings\u00e5s\u00a0 \u00a0 \u00a0 0705-294290<br \/>Vice ordf\u00f6rande\u00a0 \u00a0 \u00a0 \u00a0 \u00a0 \u00a0 \u00a0Christer Gustafsson\u00a0 \u00a0 \u00a0 Alings\u00e5s<br \/>Kass\u00f6r\u00a0 \u00a0 \u00a0 \u00a0 \u00a0 \u00a0 \u00a0 \u00a0 \u00a0 \u00a0 \u00a0 \u00a0 \u00a0 \u00a0Berit Olofsson\u00a0 \u00a0 \u00a0 \u00a0 \u00a0 \u00a0 \u00a0 \u00a0Alings\u00e5s<br \/>Vice kass\u00f6r\u00a0 \u00a0 \u00a0 \u00a0 \u00a0 \u00a0 \u00a0 \u00a0 \u00a0 \u00a0 Lena Carlsson \u00a0 \u00a0 \u00a0 \u00a0 \u00a0 \u00a0 Alings\u00e5s<br \/>Ledamot\u00a0 \u00a0 \u00a0 \u00a0 \u00a0 \u00a0 \u00a0 \u00a0 \u00a0 \u00a0 \u00a0 \u00a0 Lars Olofsson\u00a0 \u00a0 \u00a0 \u00a0 \u00a0 \u00a0 \u00a0 Alings\u00e5s<br \/>Ledamot\u00a0 \u00a0 \u00a0 \u00a0 \u00a0 \u00a0 \u00a0 \u00a0 \u00a0 \u00a0 \u00a0 \u00a0 \u00a0Eva Frel\u00e9n\u00a0 \u00a0 \u00a0 \u00a0 \u00a0 \u00a0 \u00a0 \u00a0 \u00a0 Alings\u00e5s<br \/>Ledamot\u00a0 \u00a0 \u00a0 \u00a0 \u00a0 \u00a0 \u00a0 \u00a0 \u00a0 \u00a0 \u00a0 \u00a0\u00a0 Ingemo Lundh\u00a0 \u00a0 \u00a0 \u00a0 \u00a0 \u00a0 Alings\u00e5s<br \/>Suppleant\u00a0 \u00a0 \u00a0 \u00a0 \u00a0 \u00a0 \u00a0 \u00a0 \u00a0 \u00a0 \u00a0 Carin Holmstrand\u00a0 \u00a0 \u00a0 \u00a0 Bor\u00e5s<br \/>Suppleant\u00a0 \u00a0 \u00a0 \u00a0 \u00a0 \u00a0 \u00a0 \u00a0 \u00a0 \u00a0 \u00a0 G\u00f6ran Jansson\u00a0 \u00a0 \u00a0 \u00a0 \u00a0 \u00a0 Alings\u00e5s<\/p>\n<p><strong>Revisorer<\/strong><br \/>Ordinarie\u00a0 \u00a0 \u00a0 \u00a0 \u00a0 \u00a0 \u00a0 \u00a0 \u00a0 \u00a0 \u00a0 \u00a0 Jonas Pedersen\u00a0 \u00a0 \u00a0 \u00a0 \u00a0Onsala<br \/>Ordinarie\u00a0 \u00a0 \u00a0 \u00a0 \u00a0 \u00a0 \u00a0 \u00a0 \u00a0 \u00a0 \u00a0 \u00a0 \u00c5ke Aronsson\u00a0 \u00a0 \u00a0 \u00a0 \u00a0 \u00a0 \u00a0Alings\u00e5s<br \/>Suppleant\u00a0 \u00a0 \u00a0 \u00a0 \u00a0 \u00a0 \u00a0 \u00a0 \u00a0 \u00a0 \u00a0 \u00a0Arvid Vestb\u00f6\u00a0 \u00a0 \u00a0 \u00a0 \u00a0 \u00a0 \u00a0 \u00a0Alings\u00e5s<\/p>\n<p><strong>Valberedning<\/strong><br \/>Vakant<\/p>\n\n\n<p><\/p>\n","protected":false},"excerpt":{"rendered":"<p>Kontakter from. \u00c5rsm\u00f6tet 2024 StyrelsenOrdf\u00f6rande\u00a0 \u00a0 \u00a0 \u00a0 \u00a0 \u00a0 \u00a0 \u00a0 \u00a0 \u00a0 B\u00f6rje Andersson\u00a0 \u00a0 \u00a0 \u00a0 \u00a0 \u00a0Alings\u00e5s\u00a0 \u00a0 \u00a0 0705-294290Vice ordf\u00f6rande\u00a0 \u00a0 \u00a0 \u00a0 \u00a0 \u00a0 \u00a0Christer Gustafsson\u00a0 \u00a0 \u00a0 Alings\u00e5sKass\u00f6r\u00a0 \u00a0 \u00a0 \u00a0 \u00a0 \u00a0 \u00a0 \u00a0 \u00a0 \u00a0 \u00a0 \u00a0 \u00a0 \u00a0Berit Olofsson\u00a0 \u00a0 \u00a0 \u00a0 \u00a0 \u00a0 \u00a0 [&hellip;]<\/p>\n","protected":false},"author":1,"featured_media":0,"parent":0,"menu_order":0,"comment_status":"closed","ping_status":"closed","template":"","meta":{"footnotes":""},"class_list":["post-228","page","type-page","status-publish","hentry"],"_links":{"self":[{"href":"https:\/\/alingsasparkenskulturforening.com\/index.php?rest_route=\/wp\/v2\/pages\/228","targetHints":{"allow":["GET"]}}],"collection":[{"href":"https:\/\/alingsasparkenskulturforening.com\/index.php?rest_route=\/wp\/v2\/pages"}],"about":[{"href":"https:\/\/alingsasparkenskulturforening.com\/index.php?rest_route=\/wp\/v2\/types\/page"}],"author":[{"embeddable":true,"href":"https:\/\/alingsasparkenskulturforening.com\/index.php?rest_route=\/wp\/v2\/users\/1"}],"replies":[{"embeddable":true,"href":"https:\/\/alingsasparkenskulturforening.com\/index.php?rest_route=%2Fwp%2Fv2%2Fcomments&post=228"}],"version-history":[{"count":34,"href":"https:\/\/alingsasparkenskulturforening.com\/index.php?rest_route=\/wp\/v2\/pages\/228\/revisions"}],"predecessor-version":[{"id":1222,"href":"https:\/\/alingsasparkenskulturforening.com\/index.php?rest_route=\/wp\/v2\/pages\/228\/revisions\/1222"}],"wp:attachment":[{"href":"https:\/\/alingsasparkenskulturforening.com\/index.php?rest_route=%2Fwp%2Fv2%2Fmedia&parent=228"}],"curies":[{"name":"wp","href":"https:\/\/api.w.org\/{rel}","templated":true}]}}